{"id":1346,"date":"2024-08-15T07:28:32","date_gmt":"2024-08-15T07:28:32","guid":{"rendered":"https:\/\/infinitybeachwear.com\/?page_id=1346"},"modified":"2024-08-15T08:43:23","modified_gmt":"2024-08-15T08:43:23","slug":"podaci-o-firmi","status":"publish","type":"page","link":"https:\/\/infinitybeachwear.com\/en\/podaci-o-firmi\/","title":{"rendered":"Company information"},"content":{"rendered":"<div data-elementor-type=\"wp-page\" data-elementor-id=\"1346\" class=\"elementor elementor-1346\" data-elementor-post-type=\"page\">\n\t\t\t\t<div class=\"elementor-element elementor-element-908647b e-con-full e-flex e-con e-parent\" data-id=\"908647b\" data-element_type=\"container\">\n\t\t<div class=\"elementor-element elementor-element-01b4bf7 e-con-full e-flex e-con e-child\" data-id=\"01b4bf7\" data-element_type=\"container\">\n\t\t\t\t<div class=\"elementor-element elementor-element-8b0cbc3 elementor-icon-list--layout-inline elementor-list-item-link-full_width elementor-widget elementor-widget-icon-list\" data-id=\"8b0cbc3\" data-element_type=\"widget\" data-widget_type=\"icon-list.default\">\n\t\t\t\t<div class=\"elementor-widget-container\">\n\t\t\t\t\t<ul class=\"elementor-icon-list-items elementor-inline-items\">\n\t\t\t\t\t\t\t<li class=\"elementor-icon-list-item elementor-inline-item\">\n\t\t\t\t\t\t\t\t\t\t<span class=\"elementor-icon-list-text\">Informations<\/span>\n\t\t\t\t\t\t\t\t\t<\/li>\n\t\t\t\t\t\t\t\t<li class=\"elementor-icon-list-item elementor-inline-item\">\n\t\t\t\t\t\t\t\t\t\t\t<span class=\"elementor-icon-list-icon\">\n\t\t\t\t\t\t\t<i aria-hidden=\"true\" class=\"fas fa-chevron-right\"><\/i>\t\t\t\t\t\t<\/span>\n\t\t\t\t\t\t\t\t\t\t<span class=\"elementor-icon-list-text\">Company information<\/span>\n\t\t\t\t\t\t\t\t\t<\/li>\n\t\t\t\t\t\t<\/ul>\n\t\t\t\t<\/div>\n\t\t\t\t<\/div>\n\t\t\t\t<div class=\"elementor-element elementor-element-717a4ff elementor-widget elementor-widget-text-editor\" data-id=\"717a4ff\" data-element_type=\"widget\" data-widget_type=\"text-editor.default\">\n\t\t\t\t<div class=\"elementor-widget-container\">\n\t\t\t\t\t\t\t<h1>Company Information<\/h1><p class=\" translation-block\"><b>Full Legal Name:<\/b> Infinity Design &amp; Factory, Pr Vesna Ni\u010di\u0107<br>\n<b>Headquarters:<\/b> Jurija Gagarina 263, New Belgrade<br>\n<strong>Responsible Person:<\/strong> Vesna Ni\u010di\u0107<br>\n<b>Tax Identification Number (PIB):<\/b> 109221702<br>\n<b>Registration Number:<\/b> 64021214<br>\n<b>Website:<\/b> www.infinitybeachwear.com<br>\n<b>Contact Email:<\/b> support@infinitybeachwear.com<\/p>\t\t\t\t\t\t<\/div>\n\t\t\t\t<\/div>\n\t\t\t\t<\/div>\n\t\t<div class=\"elementor-element elementor-element-3f39fb8 e-con-full e-flex e-con e-child\" data-id=\"3f39fb8\" data-element_type=\"container\" data-settings=\"{&quot;sticky&quot;:&quot;top&quot;,&quot;sticky_offset&quot;:40,&quot;sticky_effects_offset&quot;:30,&quot;sticky_parent&quot;:&quot;yes&quot;,&quot;sticky_on&quot;:[&quot;desktop&quot;,&quot;tablet&quot;,&quot;mobile&quot;]}\">\n\t\t<div class=\"elementor-element elementor-element-6e3e444 e-flex e-con-boxed e-con e-child\" data-id=\"6e3e444\" data-element_type=\"container\">\n\t\t\t\t\t<div class=\"e-con-inner\">\n\t\t\t\t<div class=\"elementor-element elementor-element-c6fbe92 elementor-widget elementor-widget-heading\" data-id=\"c6fbe92\" data-element_type=\"widget\" data-widget_type=\"heading.default\">\n\t\t\t\t<div class=\"elementor-widget-container\">\n\t\t\t<h5 class=\"elementor-heading-title elementor-size-default\">Navigation<\/h5>\t\t<\/div>\n\t\t\t\t<\/div>\n\t\t\t\t<div class=\"elementor-element elementor-element-9b23a26 elementor-nav-menu--dropdown-none elementor-widget elementor-widget-nav-menu\" data-id=\"9b23a26\" data-element_type=\"widget\" data-settings=\"{&quot;layout&quot;:&quot;vertical&quot;,&quot;submenu_icon&quot;:{&quot;value&quot;:&quot;&lt;i class=\\&quot;fas fa-caret-down\\&quot;&gt;&lt;\\\/i&gt;&quot;,&quot;library&quot;:&quot;fa-solid&quot;}}\" data-widget_type=\"nav-menu.default\">\n\t\t\t\t<div class=\"elementor-widget-container\">\n\t\t\t\t\t\t<nav aria-label=\"Menu\" class=\"elementor-nav-menu--main elementor-nav-menu__container elementor-nav-menu--layout-vertical e--pointer-none\">\n\t\t\t\t<ul id=\"menu-1-9b23a26\" class=\"elementor-nav-menu sm-vertical\"><li class=\"menu-item menu-item-type-post_type menu-item-object-page menu-item-privacy-policy menu-item-952\"><a rel=\"privacy-policy\" href=\"https:\/\/infinitybeachwear.com\/en\/politika-privatnosti\/\" class=\"elementor-item\">Privacy Policy<\/a><\/li>\n<li class=\"menu-item menu-item-type-post_type menu-item-object-page menu-item-951\"><a href=\"https:\/\/infinitybeachwear.com\/en\/uslovi-kupovine\/\" class=\"elementor-item\">Terms of use<\/a><\/li>\n<li class=\"menu-item menu-item-type-post_type menu-item-object-page menu-item-1355\"><a href=\"https:\/\/infinitybeachwear.com\/en\/podaci-o-firmi\/\" class=\"elementor-item\">Company information<\/a><\/li>\n<li class=\"menu-item menu-item-type-post_type menu-item-object-page menu-item-977\"><a href=\"https:\/\/infinitybeachwear.com\/en\/kontakt\/\" class=\"elementor-item\">Contact<\/a><\/li>\n<\/ul>\t\t\t<\/nav>\n\t\t\t\t\t\t<nav class=\"elementor-nav-menu--dropdown elementor-nav-menu__container\" aria-hidden=\"true\">\n\t\t\t\t<ul id=\"menu-2-9b23a26\" class=\"elementor-nav-menu sm-vertical\"><li class=\"menu-item menu-item-type-post_type menu-item-object-page menu-item-privacy-policy menu-item-952\"><a rel=\"privacy-policy\" href=\"https:\/\/infinitybeachwear.com\/en\/politika-privatnosti\/\" class=\"elementor-item\" tabindex=\"-1\">Privacy Policy<\/a><\/li>\n<li class=\"menu-item menu-item-type-post_type menu-item-object-page menu-item-951\"><a href=\"https:\/\/infinitybeachwear.com\/en\/uslovi-kupovine\/\" class=\"elementor-item\" tabindex=\"-1\">Terms of use<\/a><\/li>\n<li class=\"menu-item menu-item-type-post_type menu-item-object-page menu-item-1355\"><a href=\"https:\/\/infinitybeachwear.com\/en\/podaci-o-firmi\/\" class=\"elementor-item\" tabindex=\"-1\">Company information<\/a><\/li>\n<li class=\"menu-item menu-item-type-post_type menu-item-object-page menu-item-977\"><a href=\"https:\/\/infinitybeachwear.com\/en\/kontakt\/\" class=\"elementor-item\" tabindex=\"-1\">Contact<\/a><\/li>\n<\/ul>\t\t\t<\/nav>\n\t\t\t\t<\/div>\n\t\t\t\t<\/div>\n\t\t\t\t<div class=\"elementor-element elementor-element-7025d45 elementor-align-justify elementor-widget elementor-widget-button\" data-id=\"7025d45\" data-element_type=\"widget\" data-widget_type=\"button.default\">\n\t\t\t\t<div class=\"elementor-widget-container\">\n\t\t\t\t\t<div class=\"elementor-button-wrapper\">\n\t\t\t<a class=\"elementor-button elementor-button-link elementor-size-sm\" href=\"https:\/\/infinitybeachwear.com\/en\/kontakt\/\">\n\t\t\t\t\t\t<span class=\"elementor-button-content-wrapper\">\n\t\t\t\t\t\t\t\t\t<span class=\"elementor-button-text\">CONTACT<\/span>\n\t\t\t\t\t<\/span>\n\t\t\t\t\t<\/a>\n\t\t<\/div>\n\t\t\t\t<\/div>\n\t\t\t\t<\/div>\n\t\t\t\t\t<\/div>\n\t\t\t\t<\/div>\n\t\t\t\t<\/div>\n\t\t\t\t<\/div>\n\t\t\t\t<\/div>","protected":false},"excerpt":{"rendered":"<p>Informacije Podaci o firmi Osnovni podaci o firmi Pun naziv pravnog subjekta: Infinity Design &amp; Factory , Pr Vesna Ni\u010di\u0107Sedi\u0161te: Jurija Gagarina 263, Novi BeogradOdgovorno lice: Vesna Ni\u010di\u0107Poreski broj (PIB): 109221702|Mati\u010dni broj: 64021214Internet adresa: www.infinitybeachwear.comKontakt e-mail: support@infinitybeachwear.com Navigacija KONTAKT<\/p>","protected":false},"author":1,"featured_media":0,"parent":0,"menu_order":0,"comment_status":"closed","ping_status":"closed","template":"elementor_header_footer","meta":{"footnotes":""},"class_list":["post-1346","page","type-page","status-publish","hentry"],"blocksy_meta":[],"_links":{"self":[{"href":"https:\/\/infinitybeachwear.com\/en\/wp-json\/wp\/v2\/pages\/1346"}],"collection":[{"href":"https:\/\/infinitybeachwear.com\/en\/wp-json\/wp\/v2\/pages"}],"about":[{"href":"https:\/\/infinitybeachwear.com\/en\/wp-json\/wp\/v2\/types\/page"}],"author":[{"embeddable":true,"href":"https:\/\/infinitybeachwear.com\/en\/wp-json\/wp\/v2\/users\/1"}],"replies":[{"embeddable":true,"href":"https:\/\/infinitybeachwear.com\/en\/wp-json\/wp\/v2\/comments?post=1346"}],"version-history":[{"count":10,"href":"https:\/\/infinitybeachwear.com\/en\/wp-json\/wp\/v2\/pages\/1346\/revisions"}],"predecessor-version":[{"id":1360,"href":"https:\/\/infinitybeachwear.com\/en\/wp-json\/wp\/v2\/pages\/1346\/revisions\/1360"}],"wp:attachment":[{"href":"https:\/\/infinitybeachwear.com\/en\/wp-json\/wp\/v2\/media?parent=1346"}],"curies":[{"name":"wp","href":"https:\/\/api.w.org\/{rel}","templated":true}]}}